{"id":4714,"date":"2025-07-05T08:09:20","date_gmt":"2025-07-05T06:09:20","guid":{"rendered":"https:\/\/win333.cat\/privacy-policy\/"},"modified":"2025-09-22T18:20:31","modified_gmt":"2025-09-22T16:20:31","slug":"privacy-policy","status":"publish","type":"page","link":"https:\/\/win333.cat\/en\/privacy-policy\/","title":{"rendered":"Privacy Policy"},"content":{"rendered":"<div class=\"fusion-fullwidth fullwidth-box fusion-builder-row-1 fusion-flex-container has-pattern-background has-mask-background nonhundred-percent-fullwidth non-hundred-percent-height-scrolling\" style=\"--link_color: var(--awb-color4);--awb-border-radius-top-left:0px;--awb-border-radius-top-right:0px;--awb-border-radius-bottom-right:0px;--awb-border-radius-bottom-left:0px;--awb-background-color:var(--awb-color1);--awb-flex-wrap:wrap;\" ><div class=\"fusion-builder-row fusion-row fusion-flex-align-items-flex-start fusion-flex-content-wrap\" style=\"max-width:1430px;margin-left: calc(-4% \/ 2 );margin-right: calc(-4% \/ 2 );\"><div class=\"fusion-layout-column fusion_builder_column fusion-builder-column-0 fusion_builder_column_1_1 1_1 fusion-flex-column fusion-flex-align-self-flex-start\" style=\"--awb-bg-size:cover;--awb-width-large:100%;--awb-margin-top-large:0px;--awb-spacing-right-large:1.92%;--awb-margin-bottom-large:8%;--awb-spacing-left-large:1.92%;--awb-width-medium:100%;--awb-order-medium:0;--awb-spacing-right-medium:1.92%;--awb-spacing-left-medium:1.92%;--awb-width-small:100%;--awb-order-small:0;--awb-spacing-right-small:1.92%;--awb-spacing-left-small:1.92%;\" data-scroll-devices=\"small-visibility,medium-visibility,large-visibility\"><div class=\"fusion-column-wrapper fusion-column-has-shadow fusion-flex-justify-content-flex-start fusion-content-layout-row\"><div class=\"fusion-text fusion-text-1\" style=\"--awb-content-alignment:left;--awb-text-color:var(--awb-color8);--awb-user-select:auto;--awb-text-font-family:var(--awb-typography4-font-family);--awb-text-font-weight:var(--awb-typography4-font-weight);--awb-text-font-style:var(--awb-typography4-font-style);\"><p>&#13;<\/p>\n<p class=\"p1\">La confidencialitat i la seguretat s\u00f3n valors primordials de WIN333 i, en conseq\u00fc\u00e8ncia, assumim el comprom\u00eds de garantir la privacitat de la PERSONA USU\u00c0RIA en tot moment i de no recaptar informaci\u00f3 innecess\u00e0ria. A continuaci\u00f3, li proporcionem tota la informaci\u00f3 necess\u00e0ria sobre la nostra Pol\u00edtica de Privacitat en relaci\u00f3 amb les dades personals que recaptem, explicant-li:<\/p>\n<p>&#13;<\/p>\n<ul class=\"ul1\">&#13;<\/p>\n<li class=\"li2\">Qui \u00e9s el responsable del tractament de les seves dades.<\/li>\n<p>&#13;<\/p>\n<li class=\"li2\">Per quines finalitats recaptem les dades que li sol\u00b7licitem.<\/li>\n<p>&#13;<\/p>\n<li class=\"li2\">Quina \u00e9s la legitimaci\u00f3 per al seu tractament.<\/li>\n<p>&#13;<\/p>\n<li class=\"li2\">Durant quant temps les conservem.<\/li>\n<p>&#13;<\/p>\n<li class=\"li2\">A quins destinataris es comuniquen les seves dades.<\/li>\n<p>&#13;<\/p>\n<li class=\"li2\">Quins s\u00f3n els seus drets.<\/li>\n<p>&#13;\n<\/ul>\n<p>&#13;<\/p>\n<ol class=\"ol1\">&#13;<\/p>\n<li class=\"li4\"><b>RESPONSABLE<\/b>:<\/li>\n<p>&#13;\n<\/ol>\n<p>&#13;<\/p>\n<p class=\"p1\">El responsable del tractament \u00e9s Grup WIN333, format per les seg\u00fcents empreses:<\/p>\n<p>&#13;<\/p>\n<ul class=\"ul1\">&#13;<\/p>\n<li class=\"li2\">SPORT 333, S.A. (A58351875)<\/li>\n<p>&#13;<\/p>\n<li class=\"li2\">BINGO 333 CATALUNYA, S.L. (B67157719)<\/li>\n<p>&#13;<\/p>\n<li class=\"li2\">BINMUNT CATALUNYA, S.L. (B67084517)<\/li>\n<p>&#13;<\/p>\n<li class=\"li1\">FLAMES DE VERITAT, S.L.U. (B65316838)<\/li>\n<p>&#13;\n<\/ul>\n<p>&#13;<\/p>\n<p class=\"p1\">Amb domicili al carrer Balmes, n\u00fam. 49, 08370 de Calella (Barcelona) i correu electr\u00f2nic general de contacte\u00a0<a href=\"https:\/\/web.archive.org\/web\/20250219150830\/mailto:info@win333.cat\"><span class=\"s1\">info@win333.cat<\/span><\/a>.<\/p>\n<p>&#13;<\/p>\n<ol class=\"ol1\">&#13;<\/p>\n<li class=\"li4\"><b>FINALITATS, LEGITIMACI\u00d3 I CONSERVACI\u00d3 DELS TRACTAMENTS DE LES DADES ENVIADES A TRAV\u00c9S DE:<\/b><\/li>\n<p>&#13;\n<\/ol>\n<p>&#13;<\/p>\n<ul class=\"ul1\">&#13;<\/p>\n<li class=\"li4\">ENVIAMENT DE CORREUS ELECTR\u00d2NICS.<\/li>\n<p>&#13;\n<\/ul>\n<p>&#13;<\/p>\n<p class=\"p5\"><b>Finalitat:<\/b>\u00a0Contestar a les seves sol\u00b7licituds d\u2019informaci\u00f3, atendre les seves peticions i respondre les seves consultes o dubtes.<\/p>\n<p>&#13;<\/p>\n<p class=\"p5\"><b>Legitimaci\u00f3:<\/b>\u00a0El consentiment de la persona usu\u00e0ria en sol\u00b7licitar-nos informaci\u00f3 a trav\u00e9s de l\u2019adre\u00e7a de correu electr\u00f2nic.<\/p>\n<p>&#13;<\/p>\n<p class=\"p6\"><b>Conservaci\u00f3:<\/b>\u00a0Fins resoldre la seva petici\u00f3 per correu electr\u00f2nic, si no ha generat un nou tractament.<\/p>\n<p>&#13;<\/p>\n<ul class=\"ul1\">&#13;<\/p>\n<li class=\"li4\">ENVIAMENT DE CURR\u00cdCULUM VITAE PER CORREU ELECTR\u00d2NIC O MITJAN\u00c7ANT FORMULARI APLICAR O A TRAV\u00c9S D\u2019OFERTES PUBLICADES.<\/li>\n<p>&#13;\n<\/ul>\n<p>&#13;<\/p>\n<p class=\"p5\"><b>Finalitat:<\/b>\u00a0Disposar del seu curr\u00edculum i informaci\u00f3 personal per participar en els nostres processos de selecci\u00f3 de personal, realitzar perfils laborals i verificar les refer\u00e8ncies aportades, aix\u00ed com les condicions d\u2019idone\u00eftat per a la contractaci\u00f3 del personal.<\/p>\n<p>&#13;<\/p>\n<p class=\"p5\"><b>Legitimaci\u00f3:<\/b>\u00a0El consentiment de la persona usu\u00e0ria (candidata) en enviar-nos la seva informaci\u00f3 personal i curr\u00edculum de forma espont\u00e0nia per correu electr\u00f2nic. L\u2019aplicaci\u00f3 de mesures precontractuals en cas de tractar-se d\u2019una oferta de feina.<\/p>\n<p>&#13;<\/p>\n<p class=\"p6\"><b>Conservaci\u00f3:<\/b>\u00a0Durant el desenvolupament dels processos de selecci\u00f3 de personal oberts i, en cas d\u2019haver enviat la seva candidatura de forma espont\u00e0nia, durant com a m\u00e0xim 1 any des de la seva recepci\u00f3 per a futurs processos.<\/p>\n<p>&#13;<\/p>\n<p class=\"p4\"><b>Obligaci\u00f3 de facilitar-nos les seves dades personals i conseq\u00fc\u00e8ncies de no fer-ho.<\/b><\/p>\n<p>&#13;<\/p>\n<p class=\"p4\">El subministrament de dades personals requereix una edat m\u00ednima de 14 anys, o si escau, disposar de capacitat jur\u00eddica suficient per contractar.<\/p>\n<p>&#13;<\/p>\n<p class=\"p1\">Les dades personals sol\u00b7licitades s\u00f3n necess\u00e0ries per gestionar les seves sol\u00b7licituds i\/o prestar-li els serveis que pugui contractar, per la qual cosa, si no ens les facilita, no podrem atendre-li correctament ni prestar-li el servei que ha sol\u00b7licitat.<\/p>\n<p>&#13;<\/p>\n<ol class=\"ol1\">&#13;<\/p>\n<li class=\"li4\"><b>DESTINATARIS DE LES SEVES DADES<\/b><\/li>\n<p>&#13;\n<\/ol>\n<p>&#13;<\/p>\n<p class=\"p1\">Les seves dades s\u00f3n confidencials i no se cediran a tercers, tret que existeixi obligaci\u00f3 legal.<\/p>\n<p>&#13;<\/p>\n<ol class=\"ol1\">&#13;<\/p>\n<li class=\"li4\"><b>DRETS EN RELACI\u00d3 AMB LES SEVES DADES PERSONALS<\/b><\/li>\n<p>&#13;\n<\/ol>\n<p>&#13;<\/p>\n<p class=\"p1\">Tota persona t\u00e9 dret a retirar el seu consentiment en qualsevol moment quan el mateix s\u2019hagi atorgat per al tractament de les seves dades personals. En cap cas, la retirada d\u2019aquest consentiment condiciona l\u2019execuci\u00f3 del contracte de subscripci\u00f3 o les relacions generades amb anterioritat.<\/p>\n<p>&#13;<\/p>\n<p class=\"p1\">Igualment, tota persona pot exercir els seg\u00fcents drets:<\/p>\n<p>&#13;<\/p>\n<ul class=\"ul1\">&#13;<\/p>\n<li class=\"li2\">Sol\u00b7licitar l\u2019acc\u00e9s a les seves dades personals o la seva rectificaci\u00f3 quan siguin inexactes.<\/li>\n<p>&#13;<\/p>\n<li class=\"li2\">Sol\u00b7licitar la seva supressi\u00f3 quan, entre altres motius, les dades ja no siguin necessaris per a les finalitats pels quals van ser recollides.<\/li>\n<p>&#13;<\/p>\n<li class=\"li2\">Sol\u00b7licitar la limitaci\u00f3 del seu tractament en determinades circumst\u00e0ncies.<\/li>\n<p>&#13;<\/p>\n<li class=\"li2\">Sol\u00b7licitar l\u2019oposici\u00f3 al tractament de les seves dades per motius relacionats amb la seva situaci\u00f3 particular.<\/li>\n<p>&#13;<\/p>\n<li class=\"li2\">Sol\u00b7licitar la portabilitat de les dades en els casos previstos en la normativa.<\/li>\n<p>&#13;<\/p>\n<li class=\"li7\">Altres drets reconeguts en les normatives aplicables.<\/li>\n<p>&#13;\n<\/ul>\n<p>&#13;<\/p>\n<p class=\"p4\"><span class=\"s3\">On i com sol\u00b7licitar els seus Drets:<\/span>\u00a0Mitjan\u00e7ant un escrit dirigit al responsable a la seva adre\u00e7a postal o electr\u00f2nica (indicades a l\u2019apartat A), indicant la referencia \u201cDades Personals\u201d, especificant el dret que es vol exercir i respecte a quines dades personals.<\/p>\n<p>&#13;<\/p>\n<p class=\"p1\">En cas de diverg\u00e8ncies amb l\u2019empresa en relaci\u00f3 al tractament de les seves dades, pot presentar una reclamaci\u00f3 davant l\u2019Autoritat de Protecci\u00f3 de Dades (<a href=\"https:\/\/web.archive.org\/web\/20250219150830\/http:\/\/www.aepd.es\/\"><span class=\"s1\">www.aepd.es<\/span><\/a>).<\/p>\n<p>&#13;<\/p>\n<ol class=\"ol1\">&#13;<\/p>\n<li class=\"li4\"><b>COOKIES<\/b><\/li>\n<p>&#13;\n<\/ol>\n<p>&#13;<\/p>\n<p class=\"p4\">Aquesta p\u00e0gina web utilitza cookies t\u00e8cniques i publicit\u00e0ries, pr\u00f2pies i de tercers, que tracten dades de connexi\u00f3 i\/o del dispositiu, aix\u00ed com h\u00e0bits de navegaci\u00f3 per a finalitats publicit\u00e0ries.<\/p>\n<p>&#13;<\/p>\n<p class=\"p4\">Per aix\u00f2, en accedir a la nostra web, en compliment de l\u2019article 22 de la Llei de Serveis de la Societat de la Informaci\u00f3, en tractar les cookies mencionades, li hem sol\u00b7licitat el seu consentiment per al seu \u00fas i facilitat la informaci\u00f3 sobre aquestes.<\/p>\n<p>&#13;<\/p>\n<ol class=\"ol1\">&#13;<\/p>\n<li class=\"li4\"><b>SEGURETAT DE LES SEVES DADES PERSONALS<\/b><\/li>\n<p>&#13;\n<\/ol>\n<p>&#13;<\/p>\n<p class=\"p1\">Amb l\u2019objectiu de salvaguardar la seguretat de les seves dades personals, l\u2019informem que hem adoptat totes les mesures d\u2019\u00edndole t\u00e8cnica i organitzativa necess\u00e0ries per garantir la seguretat de les dades personals subministrades de la seva alteraci\u00f3, p\u00e8rdua, i tractaments o accessos no autoritzats.<\/p>\n<p>&#13;<\/p>\n<ol class=\"ol1\">&#13;<\/p>\n<li class=\"li4\"><b>ACTUALITZACI\u00d3 DE LES SEVES DADES<\/b><\/li>\n<p>&#13;\n<\/ol>\n<p>&#13;<\/p>\n<p class=\"p4\">\u00c9s important que perqu\u00e8 puguem mantenir les seves dades personals actualitzades, ens informi sempre que hi hagi hagut alguna modificaci\u00f3 en elles, en cas contrari, no responem de la veracitat d\u2019aquestes.<\/p>\n<p>&#13;<\/p>\n<p class=\"p4\">No ens fem responsables de la Pol\u00edtica de Privacitat respecte a les dades personals que pugui facilitar a tercers per mitj\u00e0 dels enlla\u00e7os disponibles a la nostra p\u00e0gina web.<\/p>\n<p>&#13;<\/p>\n<p class=\"p1\">La present Pol\u00edtica de Privacitat pot ser modificada per adaptar-la als canvis que es produeixin a la nostra web, aix\u00ed com modificacions legislatives o jurisprudencials sobre dades personals que vagin apareixent, per la qual cosa exigeix la seva lectura, cada vegada que ens faciliti les seves dades a trav\u00e9s d\u2019aquesta Web.<\/p>\n<p>&#13;<\/p>\n<\/div><\/div><\/div><\/div><\/div>","protected":false},"excerpt":{"rendered":"","protected":false},"author":1,"featured_media":4715,"parent":0,"menu_order":0,"comment_status":"closed","ping_status":"open","template":"","meta":{"_acf_changed":false,"footnotes":""},"class_list":["post-4714","page","type-page","status-publish","has-post-thumbnail","hentry"],"acf":[],"_links":{"self":[{"href":"https:\/\/win333.cat\/en\/wp-json\/wp\/v2\/pages\/4714","targetHints":{"allow":["GET"]}}],"collection":[{"href":"https:\/\/win333.cat\/en\/wp-json\/wp\/v2\/pages"}],"about":[{"href":"https:\/\/win333.cat\/en\/wp-json\/wp\/v2\/types\/page"}],"author":[{"embeddable":true,"href":"https:\/\/win333.cat\/en\/wp-json\/wp\/v2\/users\/1"}],"replies":[{"embeddable":true,"href":"https:\/\/win333.cat\/en\/wp-json\/wp\/v2\/comments?post=4714"}],"version-history":[{"count":3,"href":"https:\/\/win333.cat\/en\/wp-json\/wp\/v2\/pages\/4714\/revisions"}],"predecessor-version":[{"id":4718,"href":"https:\/\/win333.cat\/en\/wp-json\/wp\/v2\/pages\/4714\/revisions\/4718"}],"wp:featuredmedia":[{"embeddable":true,"href":"https:\/\/win333.cat\/en\/wp-json\/wp\/v2\/media\/4715"}],"wp:attachment":[{"href":"https:\/\/win333.cat\/en\/wp-json\/wp\/v2\/media?parent=4714"}],"curies":[{"name":"wp","href":"https:\/\/api.w.org\/{rel}","templated":true}]}}