{"id":4310,"date":"2025-08-02T09:44:44","date_gmt":"2025-08-02T07:44:44","guid":{"rendered":"https:\/\/win333.cat\/aviso-legal\/"},"modified":"2025-08-26T09:35:07","modified_gmt":"2025-08-26T07:35:07","slug":"aviso-legal","status":"publish","type":"page","link":"https:\/\/win333.cat\/es\/aviso-legal\/","title":{"rendered":"Aviso Legal"},"content":{"rendered":"<div class=\"fusion-fullwidth fullwidth-box fusion-builder-row-1 fusion-flex-container has-pattern-background has-mask-background nonhundred-percent-fullwidth non-hundred-percent-height-scrolling\" style=\"--link_color: var(--awb-color4);--awb-border-radius-top-left:0px;--awb-border-radius-top-right:0px;--awb-border-radius-bottom-right:0px;--awb-border-radius-bottom-left:0px;--awb-flex-wrap:wrap;\" ><div class=\"fusion-builder-row fusion-row fusion-flex-align-items-flex-start fusion-flex-content-wrap\" style=\"max-width:1430px;margin-left: calc(-4% \/ 2 );margin-right: calc(-4% \/ 2 );\"><div class=\"fusion-layout-column fusion_builder_column fusion-builder-column-0 fusion_builder_column_1_1 1_1 fusion-flex-column\" style=\"--awb-bg-size:cover;--awb-width-large:100%;--awb-margin-top-large:0px;--awb-spacing-right-large:1.92%;--awb-margin-bottom-large:8%;--awb-spacing-left-large:1.92%;--awb-width-medium:100%;--awb-order-medium:0;--awb-spacing-right-medium:1.92%;--awb-spacing-left-medium:1.92%;--awb-width-small:100%;--awb-order-small:0;--awb-spacing-right-small:1.92%;--awb-spacing-left-small:1.92%;\"><div class=\"fusion-column-wrapper fusion-column-has-shadow fusion-flex-justify-content-flex-start fusion-content-layout-column\"><div class=\"fusion-text fusion-text-1\" style=\"--awb-content-alignment:left;--awb-text-font-family:var(--awb-typography4-font-family);--awb-text-font-weight:var(--awb-typography4-font-weight);--awb-text-font-style:var(--awb-typography4-font-style);\"><p class=\"p1\">Esta p\u00e1gina web es propiedad de SPORT 333, S.A. con NIF n\u00fam. A58351875 y domicilio en la calle Balmes, n\u00fam. 49, 08370 de Calella (Barcelona), inscrita en el Registro Mercantil de Barcelona, Tomo 8397, Folio 206, Hoja 97023, Secci\u00f3n 2\u00aa, y actuando en nombre y representaci\u00f3n de las siguientes empresas que forman el grupo Win333 (en adelante, \u00abWIN333\u00bb):<\/p>\n<ul class=\"ul1\">\n<li class=\"li2\">SPORT 333, S.A. (A58351875)<\/li>\n<li class=\"li2\">BINGO 333 CATALUNYA, S.L. (B67157719)<\/li>\n<li class=\"li2\">BINMUNT CATALUNYA, S.L. (B67084517)<\/li>\n<li class=\"li1\">FLAMES DE VERITAT, S.L.U. (B65316838)<\/li>\n<\/ul>\n<p class=\"p1\">Las oficinas centrales de WIN333 est\u00e1n situadas en la calle Balmes, n\u00fam. 49, 08370 de Calella (Barcelona).<\/p>\n<p class=\"p1\">Para cualquier consulta o propuesta, contacte con nosotros llamando al +34 937661253 o mediante la direcci\u00f3n de correo electr\u00f3nico <span class=\"s1\">info@win333.cat<\/span>.<\/p>\n<p class=\"p1\">Esta p\u00e1gina web se rige por la normativa exclusivamente aplicable a Espa\u00f1a, y quedan sometidas a ella tanto las personas nacionales como extranjeras que utilicen esta web. Toda persona que acceda a esta p\u00e1gina web ser\u00e1 considerada PERSONA USUARIA.<\/p>\n<p class=\"p1\">El acceso a nuestra p\u00e1gina web por parte de la PERSONA USUARIA es gratuito y su uso por parte de la misma se rige por las condiciones de uso vigentes en el momento del acceso (en adelante, las <i>Condiciones generales de uso<\/i>), que rogamos lea detenidamente. Si la PERSONA USUARIA no estuviera de acuerdo con estas <i>Condiciones generales de uso<\/i>, deber\u00e1 abstenerse de utilizar este portal y de operar por medio de este, pudiendo contactar con nosotros para que le resolvamos cualquier duda con relaci\u00f3n a estas.<\/p>\n<p class=\"p1\">El suministro de datos personales a trav\u00e9s de nuestro portal requiere una edad m\u00ednima de 14 a\u00f1os o, en su caso, disponer de suficiente capacidad jur\u00eddica para contratar. En todo caso, WIN333 recomienda el uso de esta p\u00e1gina web solo a personas mayores de 18 a\u00f1os.<\/p>\n<p class=\"p3\">En cualquier momento podremos modificar la presentaci\u00f3n y configuraci\u00f3n de nuestra web, ampliar o reducir servicios, e incluso suprimirla de la red, de la misma manera que los servicios y contenidos prestados.<\/p>\n<p class=\"p3\"><b>A. PROPIEDAD INTELECTUAL <\/b><\/p>\n<p class=\"p1\">Todos los contenidos, textos, im\u00e1genes y c\u00f3digos fuente son propiedad de WIN333 o de terceros de los cuales se han adquirido sus derechos de explotaci\u00f3n, y est\u00e1n protegidos por derechos de propiedad intelectual e industrial.<\/p>\n<p class=\"p1\">La PERSONA USUARIA \u00fanicamente tiene derecho a usarlos privadamente, sin \u00e1nimo de lucro, y necesita autorizaci\u00f3n expresa para modificarlos, reproducirlos, explotarlos, distribuirlos o ejercer cualquier derecho perteneciente a su titular.<\/p>\n<p class=\"p1\">WIN333 es una marca registrada y est\u00e1 prohibida su reproducci\u00f3n, imitaci\u00f3n, utilizaci\u00f3n o inserci\u00f3n de esta marca sin nuestra debida autorizaci\u00f3n.<\/p>\n<p class=\"p1\">El establecimiento de enlaces a nuestro portal no confiere ning\u00fan derecho sobre este. Igualmente, el simple hecho de establecer un enlace a nuestra p\u00e1gina web no da derecho a otorgarse la categor\u00eda de colaborador o socio.<\/p>\n<p class=\"p1\">WIN333 queda exonerado de responsabilidad por cualquier reclamaci\u00f3n respecto a los derechos de propiedad intelectual de los art\u00edculos e im\u00e1genes publicadas por terceros en su portal.<\/p>\n<p class=\"p3\">Est\u00e1 absolutamente prohibida la imitaci\u00f3n tanto total como parcial de nuestro portal o el establecimiento de enlaces a nuestra p\u00e1gina web sin la autorizaci\u00f3n previa de WIN333.<\/p>\n<p class=\"p3\"><b>B. CONDICIONES DE ACCESO Y USO<\/b><\/p>\n<p class=\"p1\">El acceso a nuestra p\u00e1gina web es gratuito y no exige suscripci\u00f3n o registro previo.<\/p>\n<p class=\"p1\">El env\u00edo de datos personales implica la aceptaci\u00f3n expresa por parte de la PERSONA USUARIA de nuestra Pol\u00edtica de privacidad.<\/p>\n<p class=\"p1\">La PERSONA USUARIA debe acceder a nuestra p\u00e1gina web conforme a la buena fe, las normas de orden p\u00fablico y las presentes <i>Condiciones generales de uso<\/i>. El acceso a nuestro sitio web se hace bajo la propia y exclusiva responsabilidad de la PERSONA USUARIA, que responder\u00e1, en su caso, de los da\u00f1os y perjuicios que pueda causar a terceros o a nosotros mismos.<\/p>\n<p class=\"p1\">La PERSONA USUARIA tiene expresamente prohibida la utilizaci\u00f3n y obtenci\u00f3n de los servicios y contenidos ofrecidos en esta p\u00e1gina web por procedimientos diferentes de los estipulados en estas <i>Condiciones generales de uso<\/i>.<\/p>\n<p class=\"p1\">La PERSONA USUARIA tiene prohibida cualquier clase de acci\u00f3n sobre nuestro portal que origine una excesiva sobrecarga de funcionamiento a nuestros sistemas inform\u00e1ticos, as\u00ed como la introducci\u00f3n de virus, o instalaci\u00f3n de robots, o software que altere el normal funcionamiento de nuestra web, o, en definitiva, que pueda causar da\u00f1os a nuestros sistemas inform\u00e1ticos.<\/p>\n<p class=\"p1\">Teniendo en cuenta la dificultad de control en lo que se refiere a la informaci\u00f3n, contenidos y servicios que contengan p\u00e1ginas webs de terceros disponibles desde nuestra p\u00e1gina web, le comunicamos que WIN333 no se hace responsable de estos, sin perjuicio de que intentar\u00e1, en la medida de lo posible, velar por su legalidad.<\/p>\n<p class=\"p3\">WIN333 se reserva el derecho a dar de baja a cualquier PERSONA USUARIA que la organizaci\u00f3n entienda que ha vulnerado las condiciones que rigen el uso de nuestra p\u00e1gina web. Asimismo, se reserva el derecho de ejercitar las acciones legales oportunas contra aquellas personas que vulneren las presentes <i>Condiciones generales d<\/i>e uso.<\/p>\n<p class=\"p3\"><b>C. POL\u00cdTICA DE PRIVACIDAD<\/b><\/p>\n<p class=\"p1\">La confidencialidad y la seguridad son valores primordiales de WIN333 y, en consecuencia, asumimos el compromiso de garantizar la privacidad de la PERSONA USUARIA en todo momento y de no recabar informaci\u00f3n innecesaria.<\/p>\n<p class=\"p3\">El suministro de datos personales a trav\u00e9s de nuestro portal requiere una edad m\u00ednima de 14 a\u00f1os y la aceptaci\u00f3n expresa de nuestra <a href=\"https:\/\/web.archive.org\/web\/20250322055335\/https:\/\/win333.cat\/politica-de-privacitat\/\" target=\"_blank\" rel=\"noopener\"><span class=\"s3\">Pol\u00edtica de privacidad<\/span><\/a>.<\/p>\n<p class=\"p3\"><b>D. RESPONSABILIDADES<\/b><\/p>\n<p class=\"p1\">Al poner a disposici\u00f3n de la PERSONA USUARIA esta p\u00e1gina web queremos ofrecerle un servicio de calidad, con la m\u00e1xima diligencia en el momento de prestarlo, y tambi\u00e9n en los medios tecnol\u00f3gicos utilizados. No obstante, WIN333 no garantiza que la disponibilidad del servicio sea continua e ininterrumpida, por circunstancias originadas por problemas en la red de internet, aver\u00edas en los dispositivos inform\u00e1ticos u otras circunstancias imprevisibles, de manera que la PERSONA USUARIA acepta soportar dentro de unos l\u00edmites razonables estas circunstancias.<\/p>\n<p class=\"p1\">Esta p\u00e1gina web, salvo lo que est\u00e9 regulado, en su caso, por algunas condiciones de uso espec\u00edficas, es puramente informativa y de presentaci\u00f3n corporativa de nuestros productos y servicios, por lo que WIN333 no se responsabiliza por las expectativas de cualquier clase que pueda generar a la PERSONA USUARIA.<\/p>\n<p class=\"p3\">Todo lo que hace referencia a nuestra p\u00e1gina web se rige exclusivamente por las leyes espa\u00f1olas. En el caso de que se produzca cualquier clase de discrepancia o diferencia entre las partes en relaci\u00f3n con la interpretaci\u00f3n y contenido de esta p\u00e1gina web, todas las partes se someten a los juzgados y tribunales que legalmente correspondan.<\/p>\n<p class=\"p3\"><b>E. VIGENCIA DE LAS CONDICIONES GENERALES DE ACCESO A LA WEB<\/b><\/p>\n<p class=\"p1\">Estas <i>Condiciones generales de uso<\/i> han sido actualizadas el d\u00eda <span class=\"s4\">26\/01\/<\/span>2024. En cualquier momento podemos modificarlas. Por favor, compruebe la fecha de emisi\u00f3n cada vez que se conecte a nuestra p\u00e1gina web y as\u00ed tendr\u00e1 la certeza de que no se ha producido ninguna modificaci\u00f3n que le afecte.<\/p>\n<p class=\"p1\">Para cualquier cuesti\u00f3n respecto a las <i>Condiciones generales de uso<\/i> de nuestra p\u00e1gina web, pueden ponerse en contacto con nosotros usando los datos indicados m\u00e1s arriba, o con Lant Abogados en <a href=\"https:\/\/web.archive.org\/web\/20250322055335\/mailto:info@lant-abogados.com\"><span class=\"s3\">info@lant-abogados.com<\/span><\/a> o <a href=\"https:\/\/web.archive.org\/web\/20250322055335\/https:\/\/www.lant-abogados.com\/\"><span class=\"s3\">https:\/\/www.lant-abogados.com\/<\/span><\/a>.<\/p>\n<\/div><div style=\"text-align:center;\"><a class=\"fusion-button button-flat button-large button-custom fusion-button-default button-1 fusion-button-default-span \" style=\"--button_accent_color:var(--awb-color7);--button_border_color:var(--awb-color7);--button_accent_hover_color:var(--awb-color4);--button_border_hover_color:var(--awb-color4);--button_border_width-top:1px;--button_border_width-right:1px;--button_border_width-bottom:1px;--button_border_width-left:1px;--button_gradient_top_color:rgba(51,51,51,0);--button_gradient_bottom_color:rgba(51,51,51,0);--button_gradient_top_color_hover:var(--awb-color1);--button_gradient_bottom_color_hover:var(--awb-color1);--button_text_transform:uppercase;--button_typography-font-family:var(--awb-typography4-font-family);--button_typography-font-weight:var(--awb-typography4-font-weight);--button_typography-font-style:var(--awb-typography4-font-style);--button_margin-top:20px;\" target=\"_blank\" rel=\"noopener noreferrer\" href=\"https:\/\/canal-etico.lant-abogados.com\/Specific\/MVistaPublica?codiClient=MDAzMDc5&amp;secure=286985.0\"><span class=\"fusion-button-text awb-button__text awb-button__text--default\">Canal de denuncias<\/span><i class=\"fa-external-link-alt fas awb-button__icon awb-button__icon--default button-icon-right\" aria-hidden=\"true\"><\/i><\/a><\/div><\/div><\/div><\/div><\/div>\n","protected":false},"excerpt":{"rendered":"","protected":false},"author":1,"featured_media":4222,"parent":0,"menu_order":0,"comment_status":"closed","ping_status":"closed","template":"","meta":{"_acf_changed":false,"footnotes":""},"class_list":["post-4310","page","type-page","status-publish","has-post-thumbnail","hentry"],"acf":[],"_links":{"self":[{"href":"https:\/\/win333.cat\/es\/wp-json\/wp\/v2\/pages\/4310","targetHints":{"allow":["GET"]}}],"collection":[{"href":"https:\/\/win333.cat\/es\/wp-json\/wp\/v2\/pages"}],"about":[{"href":"https:\/\/win333.cat\/es\/wp-json\/wp\/v2\/types\/page"}],"author":[{"embeddable":true,"href":"https:\/\/win333.cat\/es\/wp-json\/wp\/v2\/users\/1"}],"replies":[{"embeddable":true,"href":"https:\/\/win333.cat\/es\/wp-json\/wp\/v2\/comments?post=4310"}],"version-history":[{"count":3,"href":"https:\/\/win333.cat\/es\/wp-json\/wp\/v2\/pages\/4310\/revisions"}],"predecessor-version":[{"id":4579,"href":"https:\/\/win333.cat\/es\/wp-json\/wp\/v2\/pages\/4310\/revisions\/4579"}],"wp:featuredmedia":[{"embeddable":true,"href":"https:\/\/win333.cat\/es\/wp-json\/wp\/v2\/media\/4222"}],"wp:attachment":[{"href":"https:\/\/win333.cat\/es\/wp-json\/wp\/v2\/media?parent=4310"}],"curies":[{"name":"wp","href":"https:\/\/api.w.org\/{rel}","templated":true}]}}