{"id":4440,"date":"2025-08-02T09:43:09","date_gmt":"2025-08-02T07:43:09","guid":{"rendered":"https:\/\/win333.cat\/informacion-del-uso-de-cookies\/"},"modified":"2025-08-26T09:27:50","modified_gmt":"2025-08-26T07:27:50","slug":"informacion-del-uso-de-cookies","status":"publish","type":"page","link":"https:\/\/win333.cat\/es\/informacion-del-uso-de-cookies\/","title":{"rendered":"Informaci\u00f3n del uso de cookies"},"content":{"rendered":"<div class=\"fusion-fullwidth fullwidth-box fusion-builder-row-1 fusion-flex-container has-pattern-background has-mask-background nonhundred-percent-fullwidth non-hundred-percent-height-scrolling\" style=\"--awb-border-radius-top-left:0px;--awb-border-radius-top-right:0px;--awb-border-radius-bottom-right:0px;--awb-border-radius-bottom-left:0px;--awb-flex-wrap:wrap;\" ><div class=\"fusion-builder-row fusion-row fusion-flex-align-items-flex-start fusion-flex-content-wrap\" style=\"max-width:1430px;margin-left: calc(-4% \/ 2 );margin-right: calc(-4% \/ 2 );\"><div class=\"fusion-layout-column fusion_builder_column fusion-builder-column-0 fusion_builder_column_1_1 1_1 fusion-flex-column\" style=\"--awb-bg-size:cover;--awb-width-large:100%;--awb-margin-top-large:0px;--awb-spacing-right-large:1.92%;--awb-margin-bottom-large:8%;--awb-spacing-left-large:1.92%;--awb-width-medium:100%;--awb-order-medium:0;--awb-spacing-right-medium:1.92%;--awb-spacing-left-medium:1.92%;--awb-width-small:100%;--awb-order-small:0;--awb-spacing-right-small:1.92%;--awb-spacing-left-small:1.92%;\"><div class=\"fusion-column-wrapper fusion-column-has-shadow fusion-flex-justify-content-flex-start fusion-content-layout-column\"><div class=\"fusion-text fusion-text-1\" style=\"--awb-content-alignment:left;--awb-text-color:var(--awb-color8);--awb-text-font-family:var(--awb-typography4-font-family);--awb-text-font-weight:var(--awb-typography4-font-weight);--awb-text-font-style:var(--awb-typography4-font-style);\"><div class=\"uk-panel uk-margin\">\n<p class=\"p1\"><b>\u00bfQu\u00e9 son las cookies?<\/b><\/p>\n<p class=\"p1\">Las cookies son peque\u00f1os archivos de datos que se reciben en el terminal desde el sitio web visitado y se usan para registrar ciertas interacciones de la navegaci\u00f3n en un sitio web almacenando datos que podr\u00e1n ser actualizados y recuperados. Estos archivos se almacenan en el ordenador del usuario y contiene datos an\u00f3nimos que no son perjudiciales para su equipo. Se utilizan para recordar las preferencias del usuario, como el idioma seleccionado, datos de acceso o personalizaci\u00f3n de la p\u00e1gina.<\/p>\n<p class=\"p1\">Las Cookies tambi\u00e9n pueden ser utilizadas para registrar informaci\u00f3n an\u00f3nima sobre c\u00f3mo un visitante utiliza un sitio. Por ejemplo, desde qu\u00e9 p\u00e1gina Web ha accedido, o si ha utilizado un \u201cbanner\u201d publicitario para llegar.<\/p>\n<p class=\"p1\"><b>\u00bfQu\u00e9 uso le damos a los diferentes tipos de cookies?<\/b><\/p>\n<p class=\"p3\"><b>Seg\u00fan su finalidad:<\/b><\/p>\n<table class=\"t1\" cellspacing=\"0\" cellpadding=\"0\">\n<tbody>\n<tr>\n<td class=\"td1\" valign=\"middle\">\n<p class=\"p4\"><b>Cookies t\u00e9cnicas<\/b><\/p>\n<\/td>\n<td class=\"td2\" valign=\"middle\">\n<p class=\"p5\">Las cookies t\u00e9cnicas son aquellas que facilitan la navegaci\u00f3n del usuario y la utilizaci\u00f3n de las diferentes opciones o servicios que ofrece la web como identificar la sesi\u00f3n, permitir el acceso a determinadas \u00e1reas, facilitar pedidos, compras, cumplimentaci\u00f3n de formularios, inscripciones, seguridad, facilitar funcionalidades (v\u00eddeos, redes sociales\u2026).<\/p>\n<\/td>\n<\/tr>\n<tr>\n<td class=\"td3\" valign=\"middle\">\n<p class=\"p4\"><b>Cookies de personalizaci\u00f3n<\/b><\/p>\n<\/td>\n<td class=\"td4\" valign=\"middle\">\n<p class=\"p5\">Las cookies de personalizaci\u00f3n permiten al usuario acceder a los servicios seg\u00fan sus preferencias (idioma, navegador, configuraci\u00f3n\u2026).<\/p>\n<p class=\"p5\">Las cookies de personalizaci\u00f3n permiten al usuario.<\/p>\n<\/td>\n<\/tr>\n<tr>\n<td class=\"td5\" valign=\"middle\">\n<p class=\"p4\"><b>Cookies anal\u00edticas<\/b><\/p>\n<\/td>\n<td class=\"td6\" valign=\"middle\">\n<p class=\"p5\">Las cookies de an\u00e1lisis son las utilizadas para llevar a cabo el an\u00e1lisis an\u00f3nimo del comportamiento de los usuarios de la web y que permiten medir la actividad del usuario y elaborar perfiles de navegaci\u00f3n con el fin objetivo de mejorar los sitios web.<\/p>\n<\/td>\n<\/tr>\n<tr>\n<td class=\"td7\" valign=\"middle\">\n<p class=\"p4\"><b>Cookies publicitarias<\/b><\/p>\n<\/td>\n<td class=\"td8\" valign=\"middle\">\n<p class=\"p5\">Las cookies publicitarias permiten la gesti\u00f3n de los espacios publicitarios de la web. Adem\u00e1s, estas cookies pueden ser de publicidad personalizada y permiten as\u00ed la gesti\u00f3n de los espacios publicitarios de la web sobre la base del comportamiento y h\u00e1bitos de navegaci\u00f3n de usuario, de donde se obtiene su perfil y permiten personalizar la publicidad que se muestra en el navegador del usuario o otros perfiles y redes sociales del usuario.<\/p>\n<\/td>\n<\/tr>\n<\/tbody>\n<\/table>\n<p class=\"p3\"><b>Seg\u00fan su plazo:<\/b><\/p>\n<table class=\"t1\" cellspacing=\"0\" cellpadding=\"0\">\n<tbody>\n<tr>\n<td class=\"td9\" valign=\"top\">\n<p class=\"p5\"><b>Cookies de sesi\u00f3n<\/b><\/p>\n<\/td>\n<td class=\"td10\" valign=\"top\">\n<p class=\"p5\">Las cookies de sesi\u00f3n son aquellas que duran el tiempo que el usuario est\u00e1 navegando por la p\u00e1gina Web y se borran al cerrar el navegador.<\/p>\n<\/td>\n<\/tr>\n<tr>\n<td class=\"td11\" valign=\"top\">\n<p class=\"p5\"><b>Cookies persistentes<\/b><\/p>\n<\/td>\n<td class=\"td12\" valign=\"top\">\n<p class=\"p5\">Estas cookies quedan almacenadas en el terminal del usuario hasta que son eliminadas manualmente o haya concluido el per\u00edodo de duraci\u00f3n establecido para esa cookie.<\/p>\n<\/td>\n<\/tr>\n<\/tbody>\n<\/table>\n<p class=\"p3\"><b>Seg\u00fan su titularidad: <\/b><\/p>\n<table class=\"t1\" cellspacing=\"0\" cellpadding=\"0\">\n<tbody>\n<tr>\n<td class=\"td9\" valign=\"middle\">\n<p class=\"p7\"><b>Cookies propias<\/b><\/p>\n<\/td>\n<td class=\"td10\" valign=\"top\">\n<p class=\"p5\">Aquellas que se env\u00edan al equipo terminal del usuario desde un equipo o dominio gestionado por el propio editor y desde el cual se presta el servicio solicitado por el usuario.<\/p>\n<\/td>\n<\/tr>\n<tr>\n<td class=\"td13\" valign=\"middle\">\n<p class=\"p7\"><b>Cookies de terceros<\/b><\/p>\n<\/td>\n<td class=\"td14\" valign=\"top\">\n<p class=\"p5\">Aquellas que se env\u00edan al equipo terminal del usuario desde un equipo o dominio que no es gestionado por el editor, sino por otra entidad que trata los datos obtenidos a trav\u00e9s de las cookies.<\/p>\n<\/td>\n<\/tr>\n<\/tbody>\n<\/table>\n<p class=\"p3\"><b>La siguiente tabla recoge la clasificaci\u00f3n y descripci\u00f3n de las cookies utilizadas en la presente p\u00e1gina web para que puedas identificarlas en tu navegador:<\/b><\/p>\n<\/div>\n<div id=\"page#0\">\n<table border=\"1\">\n<tbody>\n<tr>\n<th>Nombre<\/th>\n<th>Titular<\/th>\n<th>Datos recogidos<\/th>\n<th>Finalidad<\/th>\n<th>Duraci\u00f3n<\/th>\n<\/tr>\n<tr>\n<td>cookieyes-consent<\/td>\n<td>Cookie propia (.win333.cat)<\/td>\n<td>Cookie del plugin de consentimiento<\/td>\n<td>Necesaria<\/td>\n<td>1 a\u00f1o<\/td>\n<\/tr>\n<tr>\n<td>pll_language<\/td>\n<td>Cookie propia (.win333.cat)<\/td>\n<td>Gesti\u00f3n del idioma de la web<\/td>\n<td>Necesaria<\/td>\n<td>1 a\u00f1o<\/td>\n<\/tr>\n<tr>\n<td>test_cookie<\/td>\n<td>Cookie de terceros (doubleclick.net)<\/td>\n<td>Cookie de prueba utilizada por Google DoubleClick para comprobar si se pueden instalar cookies de publicidad<\/td>\n<td>Funcional<\/td>\n<td>1 minuto<\/td>\n<\/tr>\n<tr>\n<td>AEC<\/td>\n<td>Cookie de terceros (google.com)<\/td>\n<td>Cookies para asegurar que las solicitudes dentro de una sesi\u00f3n de navegaci\u00f3n sean realizadas por el usuario, y no por otros sitios. Estas cookies evitan que los sitios maliciosos act\u00faen en nombre de un usuario sin su conocimiento<\/td>\n<td>Funcional<\/td>\n<td>1 mes<\/td>\n<\/tr>\n<tr>\n<td>__Secure-ENID<\/td>\n<td>Cookie de terceros (google.com)<\/td>\n<td>Cookie de Google para control de spam<\/td>\n<td>Funcional<\/td>\n<td>13 meses<\/td>\n<\/tr>\n<tr>\n<td>SOCS<\/td>\n<td>Cookie de terceros (google.com)<\/td>\n<td>Preferencias de cookies del usuario<\/td>\n<td>Funcional<\/td>\n<td>13 meses<\/td>\n<\/tr>\n<tr>\n<td>bm_sv<\/td>\n<td>Cookie de terceros (tiktok.com)<\/td>\n<td>Cookie para diferenciar entre cookies de humanos y cookies de bots<\/td>\n<td>Funcional<\/td>\n<td>Sesi\u00f3n<\/td>\n<\/tr>\n<tr>\n<td>tt_csrf_token<\/td>\n<td>Cookie de terceros (tiktok.com)<\/td>\n<td>Cookie de tiktok para protecci\u00f3n anti hackers<\/td>\n<td>Funcional<\/td>\n<td>Sesi\u00f3n<\/td>\n<\/tr>\n<tr>\n<td>passport_csrf_token<\/td>\n<td>Cookie de terceros (tiktok.com)<\/td>\n<td>Cookie de tiktok para protecci\u00f3n anti hackers<\/td>\n<td>Funcional<\/td>\n<td>Sesi\u00f3n<\/td>\n<\/tr>\n<tr>\n<td>passport_csrf_token_default<\/td>\n<td>Cookie de terceros (tiktok.com)<\/td>\n<td>Cookie de tiktok para protecci\u00f3n anti hackers<\/td>\n<td>Funcional<\/td>\n<td>Sesi\u00f3n<\/td>\n<\/tr>\n<tr>\n<td>ak_bmsc<\/td>\n<td>Cookie de terceros (tiktok.com)<\/td>\n<td>Cookie de TikTok para diferenciar entre cookies de humanos y de bots<\/td>\n<td>Funcional<\/td>\n<td>Sesi\u00f3n<\/td>\n<\/tr>\n<tr>\n<td>ttwid<\/td>\n<td>Cookie de terceros (tiktok.com)<\/td>\n<td>Cookie de tiktok para informaci\u00f3n de sesi\u00f3n y autenticaci\u00f3n<\/td>\n<td>Funcional<\/td>\n<td>Sesi\u00f3n<\/td>\n<\/tr>\n<tr>\n<td>mstoken<\/td>\n<td>Cookie de terceros (tiktok.com)<\/td>\n<td>Cookie de Tiktok para guardar el comportamiento del usuario en diferentes webs<\/td>\n<td>Anal\u00edtica<\/td>\n<td>10 d\u00edas<\/td>\n<\/tr>\n<tr>\n<td>_gcl_au<\/td>\n<td>Cookie de terceros (.win333.cat)<\/td>\n<td>Seguimiento de sesiones de Google AdSense.<\/td>\n<td>Publicitaria<\/td>\n<td>90 d\u00edas<br \/>\n(3 meses)<\/td>\n<\/tr>\n<tr>\n<td>_tt_enable_cookie<\/td>\n<td>Cookie de terceros (.win333.cat)<\/td>\n<td>Tiktok configura esta cookie para recopilar datos sobre el comportamiento y las actividades en el sitio web y para medir la eficacia de la publicidad<\/td>\n<td>Publicitaria<\/td>\n<td>390 d\u00edas<br \/>\n(13 meses)<\/td>\n<\/tr>\n<tr>\n<td>IDE<\/td>\n<td>Cookie de terceros (doubleclick.net)<\/td>\n<td>Preferencias, enlaces, conversiones e interacciones con anuncios publicitarios<\/td>\n<td>Publicitaria<\/td>\n<td>390 d\u00edas<br \/>\n(13 meses)<\/td>\n<\/tr>\n<tr>\n<td>_ttp<\/td>\n<td>Cookie propia (.win333.cat)<br \/>\nCookie de terceros (.tiktok.com)<\/td>\n<td>Para medir y mejorar el rendimiento de sus campa\u00f1as publicitarias y personalizar la experiencia del usuario (incluyendo anuncios) en TikTok<\/td>\n<td>Publicitaria<\/td>\n<td>390 d\u00edas<br \/>\n(13 meses)<\/td>\n<\/tr>\n<tr>\n<td>tt_chain_token<\/td>\n<td>Cookie de terceros (.tiktok.com)<\/td>\n<td>Cookie de tiktok necesaria para utilizar las opciones y servicios del sitio web<\/td>\n<td>Publicitaria<\/td>\n<td>5 horas<\/td>\n<\/tr>\n<tr>\n<td>cookie-consent<\/td>\n<td>Cookie de terceros (.tiktok.com)<\/td>\n<td>Cookie de TikTok para gestionar consentimiento del usuario<\/td>\n<td>Publicitaria<\/td>\n<td>Sesi\u00f3n<\/td>\n<\/tr>\n<\/tbody>\n<\/table>\n<\/div>\n<div class=\"uk-panel uk-margin\">\n<p class=\"p3\">WIN333 utiliza cookies t\u00e9cnicas, de personalizaci\u00f3n, anal\u00edticas de terceros y publicitarias, propias y de terceros, que tratan datos de conexi\u00f3n y\/o del dispositivo, as\u00ed como h\u00e1bitos de navegaci\u00f3n para facilitarle esta, analizar estad\u00edsticas del uso de la web y personalizar publicidad.<\/p>\n<p class=\"p1\">Por ello, al acceder a nuestra web, en cumplimiento del art\u00edculo 22 de la Ley de Servicios de la Sociedad de la Informaci\u00f3n le hemos solicitado su consentimiento para su uso.<\/p>\n<p class=\"p1\">El suministro de datos personales a trav\u00e9s de nuestro portal y el consentimiento para el uso de cookies requiere una edad m\u00ednima de 14 a\u00f1os y la aceptaci\u00f3n expresa de nuestra Pol\u00edtica de Privacidad.<\/p>\n<p class=\"p3\"><b>De todas formas, le informamos que puede activar o desactivar las cookies siguiendo las instrucciones de su navegador de Internet:<\/b><\/p>\n<\/div>\n<div class=\"uk-overflow-auto\">\n<table class=\"uk-table uk-table-middle\" style=\"height: 369px;\" width=\"1153\">\n<tbody>\n<tr class=\"el-item\">\n<td class=\"uk-text-nowrap uk-table-shrink\">\n<div class=\"el-title\"><b>Chrome<\/b><\/div>\n<\/td>\n<td>\n<div class=\"el-content uk-panel\">\n<p>Configuraci\u00f3n \u2013 Mostrar opciones avanzadas \u2013 Privacidad \u2013 Configuraci\u00f3n de contenido<\/p>\n<\/div>\n<\/td>\n<td class=\"uk-text-nowrap uk-table-shrink\"><a class=\"el-link\" href=\"https:\/\/web.archive.org\/web\/20250421214045\/https:\/\/win333.cat\/support.google.com\" target=\"_blank\" rel=\"noopener\">Google Support<\/a><\/td>\n<\/tr>\n<tr class=\"el-item\">\n<td class=\"uk-text-nowrap\">\n<div class=\"el-title\"><b>Firefox<\/b><\/div>\n<\/td>\n<td>\n<div class=\"el-content uk-panel\">\n<p>Herramientas \u2013 Opciones \u2013 Privacidad \u2013 Historial \u2013 Configuraci\u00f3n Personalizada<\/p>\n<\/div>\n<\/td>\n<td class=\"uk-text-nowrap\"><a class=\"el-link\" href=\"https:\/\/web.archive.org\/web\/20250421214045\/https:\/\/win333.cat\/support.mozilla.org\" target=\"_blank\" rel=\"noopener\">Mozilla Support<\/a><\/td>\n<\/tr>\n<tr class=\"el-item\">\n<td class=\"uk-text-nowrap\">\n<div class=\"el-title\"><b>Internet Explorer<\/b><\/div>\n<\/td>\n<td>\n<div class=\"el-content uk-panel\">\n<p>Herramientas \u2013 Opciones de Internet \u2013 Privacidad \u2013 Configuraci\u00f3n<\/p>\n<\/div>\n<\/td>\n<td class=\"uk-text-nowrap\"><a class=\"el-link\" href=\"https:\/\/web.archive.org\/web\/20250421214045\/https:\/\/win333.cat\/windows.microsoft.com\" target=\"_blank\" rel=\"noopener\">Microsoft Windows<\/a><\/td>\n<\/tr>\n<tr class=\"el-item\">\n<td class=\"uk-text-nowrap\">\n<div class=\"el-title\"><b>Opera<\/b><\/div>\n<\/td>\n<td>\n<div class=\"el-content uk-panel\">\n<p>Herramientas \u2013 Preferencias \u2013 Editar preferencias \u2013 Cookies<\/p>\n<\/div>\n<\/td>\n<td class=\"uk-text-nowrap\"><a class=\"el-link\" href=\"https:\/\/web.archive.org\/web\/20250421214045\/http:\/\/www.opera.com\/help\/tutorials\/security\/cookies\/\" target=\"_blank\" rel=\"noopener\">Opera Tutorials<\/a><\/td>\n<\/tr>\n<tr class=\"el-item\">\n<td class=\"uk-text-nowrap\">\n<div class=\"el-title\"><b>Safari<\/b><\/div>\n<\/td>\n<td>\n<div class=\"el-content uk-panel\">\n<p>Preferencias \u2013 Seguridad<\/p>\n<\/div>\n<\/td>\n<td class=\"uk-text-nowrap\"><a class=\"el-link\" href=\"https:\/\/web.archive.org\/web\/20250421214045\/http:\/\/www.apple.com\/\" target=\"_blank\" rel=\"noopener\">Apple<\/a><\/td>\n<\/tr>\n<tr class=\"el-item\">\n<td class=\"uk-text-nowrap\">\n<div class=\"el-title\"><b>Edge<\/b><\/div>\n<\/td>\n<td>\n<div class=\"el-content uk-panel\">\n<p>Configuraci\u00f3n \u2013 Ver configuraci\u00f3n avanzada \u2013 Privacidad y servicios \u2013 Cookies<\/p>\n<\/div>\n<\/td>\n<td class=\"uk-text-nowrap\"><a class=\"el-link\" href=\"https:\/\/web.archive.org\/web\/20250421214045\/https:\/\/privacy.microsoft.com\/es-es\/windows-10-microsoft-edge-and-privacy\" target=\"_blank\" rel=\"noopener\">Microsoft Windows<\/a><\/td>\n<\/tr>\n<\/tbody>\n<\/table>\n<\/div>\n<\/div><\/div><\/div><\/div><\/div>\n","protected":false},"excerpt":{"rendered":"","protected":false},"author":1,"featured_media":4222,"parent":0,"menu_order":0,"comment_status":"closed","ping_status":"closed","template":"","meta":{"_acf_changed":false,"footnotes":""},"class_list":["post-4440","page","type-page","status-publish","has-post-thumbnail","hentry"],"acf":[],"_links":{"self":[{"href":"https:\/\/win333.cat\/es\/wp-json\/wp\/v2\/pages\/4440","targetHints":{"allow":["GET"]}}],"collection":[{"href":"https:\/\/win333.cat\/es\/wp-json\/wp\/v2\/pages"}],"about":[{"href":"https:\/\/win333.cat\/es\/wp-json\/wp\/v2\/types\/page"}],"author":[{"embeddable":true,"href":"https:\/\/win333.cat\/es\/wp-json\/wp\/v2\/users\/1"}],"replies":[{"embeddable":true,"href":"https:\/\/win333.cat\/es\/wp-json\/wp\/v2\/comments?post=4440"}],"version-history":[{"count":2,"href":"https:\/\/win333.cat\/es\/wp-json\/wp\/v2\/pages\/4440\/revisions"}],"predecessor-version":[{"id":4578,"href":"https:\/\/win333.cat\/es\/wp-json\/wp\/v2\/pages\/4440\/revisions\/4578"}],"wp:featuredmedia":[{"embeddable":true,"href":"https:\/\/win333.cat\/es\/wp-json\/wp\/v2\/media\/4222"}],"wp:attachment":[{"href":"https:\/\/win333.cat\/es\/wp-json\/wp\/v2\/media?parent=4440"}],"curies":[{"name":"wp","href":"https:\/\/api.w.org\/{rel}","templated":true}]}}